{"id":461,"date":"2026-01-28T19:46:31","date_gmt":"2026-01-28T18:46:31","guid":{"rendered":"https:\/\/www.zapletal-kovo.cz\/?page_id=461"},"modified":"2026-02-16T17:49:51","modified_gmt":"2026-02-16T16:49:51","slug":"katalogy","status":"publish","type":"page","link":"https:\/\/www.zapletal-kovo.cz\/en\/katalogy\/","title":{"rendered":"Catalogs"},"content":{"rendered":"<div data-elementor-type=\"wp-page\" data-elementor-id=\"461\" class=\"elementor elementor-461\" data-elementor-post-type=\"page\">\n\t\t\t\t<div class=\"elementor-element elementor-element-40462bc e-flex e-con-boxed e-con e-parent\" data-id=\"40462bc\" data-element_type=\"container\" data-e-type=\"container\" data-settings=\"{&quot;background_background&quot;:&quot;classic&quot;}\">\n\t\t\t\t\t<div class=\"e-con-inner\">\n\t\t<div class=\"elementor-element elementor-element-563a3d5 e-con-full e-flex e-con e-child\" data-id=\"563a3d5\" data-element_type=\"container\" data-e-type=\"container\">\n\t\t<div class=\"elementor-element elementor-element-f59faa5 e-con-full e-flex e-con e-child\" data-id=\"f59faa5\" data-element_type=\"container\" data-e-type=\"container\">\n\t\t<div class=\"elementor-element elementor-element-f85b157 e-con-full e-flex elementor-invisible e-con e-child\" data-id=\"f85b157\" data-element_type=\"container\" data-e-type=\"container\" data-settings=\"{&quot;animation&quot;:&quot;fadeInUp&quot;}\">\n\t\t\t\t<div class=\"elementor-element elementor-element-d4d840a elementor-widget elementor-widget-heading\" data-id=\"d4d840a\" data-element_type=\"widget\" data-e-type=\"widget\" data-widget_type=\"heading.default\">\n\t\t\t\t\t<h1 class=\"elementor-heading-title elementor-size-default\">Catalogs<\/h1>\t\t\t\t<\/div>\n\t\t\t\t<div class=\"elementor-element elementor-element-98d491f elementor-widget-divider--view-line elementor-widget elementor-widget-divider\" data-id=\"98d491f\" data-element_type=\"widget\" data-e-type=\"widget\" data-widget_type=\"divider.default\">\n\t\t\t\t\t\t\t<div class=\"elementor-divider\">\n\t\t\t<span class=\"elementor-divider-separator\">\n\t\t\t\t\t\t<\/span>\n\t\t<\/div>\n\t\t\t\t\t\t<\/div>\n\t\t\t\t<\/div>\n\t\t\t\t<\/div>\n\t\t\t\t<\/div>\n\t\t\t\t\t<\/div>\n\t\t\t\t<\/div>\n\t\t<div class=\"elementor-element elementor-element-9c9d71d e-flex e-con-boxed e-con e-parent\" data-id=\"9c9d71d\" data-element_type=\"container\" data-e-type=\"container\">\n\t\t\t\t\t<div class=\"e-con-inner\">\n\t\t<div class=\"elementor-element elementor-element-8aae6dc e-con-full e-flex e-con e-child\" data-id=\"8aae6dc\" data-element_type=\"container\" data-e-type=\"container\">\n\t\t\t\t<div class=\"elementor-element elementor-element-ce90d21 elementor-widget elementor-widget-heading\" data-id=\"ce90d21\" data-element_type=\"widget\" data-e-type=\"widget\" data-widget_type=\"heading.default\">\n\t\t\t\t\t<h2 class=\"elementor-heading-title elementor-size-default\">Zapletal-kovo a.s. catalog Czech<\/h2>\t\t\t\t<\/div>\n\t\t\t\t<div class=\"elementor-element elementor-element-9760d65 elementor-widget-divider--view-line elementor-widget elementor-widget-divider\" data-id=\"9760d65\" data-element_type=\"widget\" data-e-type=\"widget\" data-widget_type=\"divider.default\">\n\t\t\t\t\t\t\t<div class=\"elementor-divider\">\n\t\t\t<span class=\"elementor-divider-separator\">\n\t\t\t\t\t\t<\/span>\n\t\t<\/div>\n\t\t\t\t\t\t<\/div>\n\t\t\t\t<div class=\"elementor-element elementor-element-8eb80b4 elementor-widget__width-inherit elementor-widget elementor-widget-shortcode\" data-id=\"8eb80b4\" data-element_type=\"widget\" data-e-type=\"widget\" data-widget_type=\"shortcode.default\">\n\t\t\t\t\t\t\t<div class=\"elementor-shortcode\"><!-- ipages begin -->\n<div class=\"ipgs-flipbook ipgs-1\" data-json-src=\"https:\/\/www.zapletal-kovo.cz\/en\/wp-json\/ipages\/v1\/item\/1\" data-item-id=\"1\" style=\"display:none;background-color:rgba(0,0,0,0);width:100%;height:800px;\">\n<\/div>\n<!-- ipages end -->\n<\/div>\n\t\t\t\t\t\t<\/div>\n\t\t\t\t<div class=\"elementor-element elementor-element-ab492d3 elementor-align-center elementor-widget__width-inherit elementor-widget elementor-widget-button\" data-id=\"ab492d3\" data-element_type=\"widget\" data-e-type=\"widget\" data-widget_type=\"button.default\">\n\t\t\t\t\t\t\t\t\t\t<a class=\"elementor-button elementor-button-link elementor-size-md\" href=\"https:\/\/www.zapletal-kovo.cz\/wp-content\/uploads\/2026\/01\/katalog-CZ_k-tisku.pdf\">\n\t\t\t\t\t\t<span class=\"elementor-button-content-wrapper\">\n\t\t\t\t\t\t\t\t\t<span class=\"elementor-button-text\">Download .PDF<\/span>\n\t\t\t\t\t<\/span>\n\t\t\t\t\t<\/a>\n\t\t\t\t\t\t\t\t<\/div>\n\t\t\t\t<\/div>\n\t\t\t\t\t<\/div>\n\t\t\t\t<\/div>\n\t\t<div class=\"elementor-element elementor-element-21c8a2c e-flex e-con-boxed e-con e-parent\" data-id=\"21c8a2c\" data-element_type=\"container\" data-e-type=\"container\" data-settings=\"{&quot;background_background&quot;:&quot;classic&quot;}\">\n\t\t\t\t\t<div class=\"e-con-inner\">\n\t\t<div class=\"elementor-element elementor-element-6321b45 e-con-full e-flex e-con e-child\" data-id=\"6321b45\" data-element_type=\"container\" data-e-type=\"container\" data-settings=\"{&quot;background_background&quot;:&quot;classic&quot;}\">\n\t\t\t\t<div class=\"elementor-element elementor-element-a2c7f00 elementor-widget elementor-widget-heading\" data-id=\"a2c7f00\" data-element_type=\"widget\" data-e-type=\"widget\" data-widget_type=\"heading.default\">\n\t\t\t\t\t<h2 class=\"elementor-heading-title elementor-size-default\">Zapletal-kovo a.s. catalog English<\/h2>\t\t\t\t<\/div>\n\t\t\t\t<div class=\"elementor-element elementor-element-90306e1 elementor-widget-divider--view-line elementor-widget elementor-widget-divider\" data-id=\"90306e1\" data-element_type=\"widget\" data-e-type=\"widget\" data-widget_type=\"divider.default\">\n\t\t\t\t\t\t\t<div class=\"elementor-divider\">\n\t\t\t<span class=\"elementor-divider-separator\">\n\t\t\t\t\t\t<\/span>\n\t\t<\/div>\n\t\t\t\t\t\t<\/div>\n\t\t\t\t<div class=\"elementor-element elementor-element-e6d506d elementor-widget__width-inherit elementor-widget elementor-widget-shortcode\" data-id=\"e6d506d\" data-element_type=\"widget\" data-e-type=\"widget\" data-widget_type=\"shortcode.default\">\n\t\t\t\t\t\t\t<div class=\"elementor-shortcode\"><!-- ipages begin -->\n<div class=\"ipgs-flipbook ipgs-2\" data-json-src=\"https:\/\/www.zapletal-kovo.cz\/en\/wp-json\/ipages\/v1\/item\/2\" data-item-id=\"2\" style=\"display:none;background-color:rgba(0,0,0,0);width:100%;height:800px;\">\n<\/div>\n<!-- ipages end -->\n<\/div>\n\t\t\t\t\t\t<\/div>\n\t\t\t\t<div class=\"elementor-element elementor-element-dfa01a9 elementor-align-center elementor-widget__width-inherit elementor-widget elementor-widget-button\" data-id=\"dfa01a9\" data-element_type=\"widget\" data-e-type=\"widget\" data-widget_type=\"button.default\">\n\t\t\t\t\t\t\t\t\t\t<a class=\"elementor-button elementor-button-link elementor-size-md\" href=\"https:\/\/www.zapletal-kovo.cz\/wp-content\/uploads\/2026\/01\/katalog-ENG_k-tisku.pdf\" target=\"_blank\">\n\t\t\t\t\t\t<span class=\"elementor-button-content-wrapper\">\n\t\t\t\t\t\t\t\t\t<span class=\"elementor-button-text\">Download .PDF<\/span>\n\t\t\t\t\t<\/span>\n\t\t\t\t\t<\/a>\n\t\t\t\t\t\t\t\t<\/div>\n\t\t\t\t<\/div>\n\t\t\t\t\t<\/div>\n\t\t\t\t<\/div>\n\t\t<div class=\"elementor-element elementor-element-b7f044b e-flex e-con-boxed e-con e-parent\" data-id=\"b7f044b\" data-element_type=\"container\" data-e-type=\"container\" data-settings=\"{&quot;background_background&quot;:&quot;classic&quot;}\">\n\t\t\t\t\t<div class=\"e-con-inner\">\n\t\t<div class=\"elementor-element elementor-element-d6f43eb e-con-full e-flex e-con e-child\" data-id=\"d6f43eb\" data-element_type=\"container\" data-e-type=\"container\">\n\t\t<div class=\"elementor-element elementor-element-75eaede e-con-full e-flex e-con e-child\" data-id=\"75eaede\" data-element_type=\"container\" data-e-type=\"container\">\n\t\t\t\t<div class=\"elementor-element elementor-element-40e7299 elementor-widget elementor-widget-heading\" data-id=\"40e7299\" data-element_type=\"widget\" data-e-type=\"widget\" data-widget_type=\"heading.default\">\n\t\t\t\t\t<h2 class=\"elementor-heading-title elementor-size-default\">Special doors and gates<\/h2>\t\t\t\t<\/div>\n\t\t\t\t<div class=\"elementor-element elementor-element-5aebda7 elementor-widget-divider--view-line elementor-widget elementor-widget-divider\" data-id=\"5aebda7\" data-element_type=\"widget\" data-e-type=\"widget\" data-widget_type=\"divider.default\">\n\t\t\t\t\t\t\t<div class=\"elementor-divider\">\n\t\t\t<span class=\"elementor-divider-separator\">\n\t\t\t\t\t\t<\/span>\n\t\t<\/div>\n\t\t\t\t\t\t<\/div>\n\t\t\t\t<div class=\"elementor-element elementor-element-d03d7cb elementor-widget elementor-widget-image\" data-id=\"d03d7cb\" data-element_type=\"widget\" data-e-type=\"widget\" data-widget_type=\"image.default\">\n\t\t\t\t\t\t\t\t\t\t\t\t\t\t\t<img fetchpriority=\"high\" decoding=\"async\" width=\"800\" height=\"800\" src=\"https:\/\/www.zapletal-kovo.cz\/wp-content\/uploads\/2026\/01\/specialni_uz_katalog-1024x1024.png\" class=\"attachment-large size-large wp-image-506\" alt=\"\" srcset=\"https:\/\/www.zapletal-kovo.cz\/wp-content\/uploads\/2026\/01\/specialni_uz_katalog-1024x1024.png 1024w, https:\/\/www.zapletal-kovo.cz\/wp-content\/uploads\/2026\/01\/specialni_uz_katalog-300x300.png 300w, https:\/\/www.zapletal-kovo.cz\/wp-content\/uploads\/2026\/01\/specialni_uz_katalog-150x150.png 150w, https:\/\/www.zapletal-kovo.cz\/wp-content\/uploads\/2026\/01\/specialni_uz_katalog-768x768.png 768w, https:\/\/www.zapletal-kovo.cz\/wp-content\/uploads\/2026\/01\/specialni_uz_katalog-12x12.png 12w, https:\/\/www.zapletal-kovo.cz\/wp-content\/uploads\/2026\/01\/specialni_uz_katalog.png 1500w\" sizes=\"(max-width: 800px) 100vw, 800px\" \/>\t\t\t\t\t\t\t\t\t\t\t\t\t\t\t<\/div>\n\t\t\t\t<div class=\"elementor-element elementor-element-631b315 elementor-align-center elementor-widget__width-inherit elementor-widget elementor-widget-button\" data-id=\"631b315\" data-element_type=\"widget\" data-e-type=\"widget\" data-widget_type=\"button.default\">\n\t\t\t\t\t\t\t\t\t\t<a class=\"elementor-button elementor-button-link elementor-size-md\" href=\"https:\/\/www.zapletal-kovo.cz\/wp-content\/uploads\/2026\/01\/katalog-special-2019.pdf\" target=\"_blank\">\n\t\t\t\t\t\t<span class=\"elementor-button-content-wrapper\">\n\t\t\t\t\t\t\t\t\t<span class=\"elementor-button-text\">Download .PDF<\/span>\n\t\t\t\t\t<\/span>\n\t\t\t\t\t<\/a>\n\t\t\t\t\t\t\t\t<\/div>\n\t\t\t\t<\/div>\n\t\t<div class=\"elementor-element elementor-element-f577815 e-con-full e-flex e-con e-child\" data-id=\"f577815\" data-element_type=\"container\" data-e-type=\"container\">\n\t\t\t\t<div class=\"elementor-element elementor-element-45c73a0 elementor-widget elementor-widget-embedpress_pdf\" data-id=\"45c73a0\" data-element_type=\"widget\" data-e-type=\"widget\" data-widget_type=\"embedpress_pdf.default\">\n\t\t\t\t<div class=\"elementor-widget-container\">\n\t\t\t\t\t    <div class=\"embedpress-document-embed ep-doc-f302bf9cff68cb565c87f42ec32daa61 ose-document emebedpress-unit-percent\" data-thememode=\"custom\" data-customcolor=\"\" data-toolbar=\"yes\" data-toolbar-position=\"top\" data-open=\"no\" data-presentation-mode=\"\" data-download=\"yes\" data-copy=\"yes\" data-add-image=\"yes\" data-rotate=\"yes\" data-details=\"yes\" data-id=\"embedpress-pdf-45c73a0\" data-selection-tool=\"0\" data-scrolling=\"0\" data-spreads=\"-1\" style=\" max-width:100%; display: inline-block\">\n\n        \n                <div >\n\n                    <div id=\"ep-elementor-content-45c73a0\" class=\"ep-elementor-content   ep-percentage-width   ep-content-protection-disabled\">\n                        <div id=\"45c73a0\" class=\"ep-embed-content-wraper\">\n                            <div><iframe title=\"katalog speci\u00e1l 2019\" class=\"embedpress-embed-document-pdf embedpress-pdf-45c73a0\" style=\"width: %!important;height: 600px;; max-width:100%; display: inline-block\" src=\"https:\/\/www.zapletal-kovo.cz\/wp-admin\/admin-ajax.php?action=get_viewer&#038;file=https%3A%2F%2Fwww.zapletal-kovo.cz%2Fwp-content%2Fuploads%2F2026%2F01%2Fkatalog-special-2019.pdf&#038;scrolling=0&#038;selection_tool=0&#038;spreads=-1#key=dGhlbWVNb2RlPWN1c3RvbSZ0b29sYmFyPXRydWUmcG9zaXRpb249dG9wJnByZXNlbnRhdGlvbj1mYWxzZSZsYXp5TG9hZD1mYWxzZSZkb3dubG9hZD15ZXMmY29weV90ZXh0PXllcyZhZGRfdGV4dD10cnVlJmRyYXc9eWVzJmFkZF9pbWFnZT10cnVlJnBkZl9yb3RhdGlvbj10cnVlJnBkZl9kZXRhaWxzPXRydWUmem9vbV9pbj10cnVlJnpvb21fb3V0PXRydWUmZml0X3ZpZXc9ZmFsc2UmYm9va21hcms9ZmFsc2Umc291bmQ9ZmFsc2UmZmxpcGJvb2tfdG9vbGJhcl9wb3NpdGlvbj1ib3R0b20mc2VsZWN0aW9uX3Rvb2w9MCZzY3JvbGxpbmc9MCZzcHJlYWRzPS0xJmlzX3Byb19hY3RpdmU9MSZjdXN0b21Db2xvcj0=&#038;zoom=auto\" data-emid=\"embedpress-pdf-45c73a0\" data-embed-type=\"PDF\" frameborder=\"0\"><\/iframe><\/div>                        <\/div>\n\n                    <\/div>\n\n\n                   \n                <\/div>\n            \n    <\/div>\n\n\t\t\t\t<\/div>\n\t\t\t\t<\/div>\n\t\t\t\t<\/div>\n\t\t\t\t<\/div>\n\t\t\t\t\t<\/div>\n\t\t\t\t<\/div>\n\t\t\t\t<\/div>","protected":false},"excerpt":{"rendered":"<p>Katalogy Zapletal-kovo a.s. katalog CZ St\u00e1hnout .pdf Zapletal-kovo a.s. katalog ENG St\u00e1hnout .pdf Speci\u00e1ln\u00ed uz\u00e1v\u011bry objekt\u016f St\u00e1hnout .pdf<\/p>","protected":false},"author":1,"featured_media":0,"parent":0,"menu_order":0,"comment_status":"closed","ping_status":"closed","template":"","meta":{"footnotes":""},"class_list":["post-461","page","type-page","status-publish","hentry"],"_links":{"self":[{"href":"https:\/\/www.zapletal-kovo.cz\/en\/wp-json\/wp\/v2\/pages\/461","targetHints":{"allow":["GET"]}}],"collection":[{"href":"https:\/\/www.zapletal-kovo.cz\/en\/wp-json\/wp\/v2\/pages"}],"about":[{"href":"https:\/\/www.zapletal-kovo.cz\/en\/wp-json\/wp\/v2\/types\/page"}],"author":[{"embeddable":true,"href":"https:\/\/www.zapletal-kovo.cz\/en\/wp-json\/wp\/v2\/users\/1"}],"replies":[{"embeddable":true,"href":"https:\/\/www.zapletal-kovo.cz\/en\/wp-json\/wp\/v2\/comments?post=461"}],"version-history":[{"count":67,"href":"https:\/\/www.zapletal-kovo.cz\/en\/wp-json\/wp\/v2\/pages\/461\/revisions"}],"predecessor-version":[{"id":978,"href":"https:\/\/www.zapletal-kovo.cz\/en\/wp-json\/wp\/v2\/pages\/461\/revisions\/978"}],"wp:attachment":[{"href":"https:\/\/www.zapletal-kovo.cz\/en\/wp-json\/wp\/v2\/media?parent=461"}],"curies":[{"name":"wp","href":"https:\/\/api.w.org\/{rel}","templated":true}]}}